{"id":2,"date":"2011-12-19T13:05:11","date_gmt":"2011-12-19T13:05:11","guid":{"rendered":"http:\/\/writers.hmkw.de\/?page_id=2"},"modified":"2012-01-18T16:19:30","modified_gmt":"2012-01-18T16:19:30","slug":"beispiel-seite","status":"publish","type":"page","link":"http:\/\/blogs.hmkw.de\/HierMagKritisiertWerden\/?page_id=2","title":{"rendered":"Impressum &#038; Datenschutz"},"content":{"rendered":"<p><strong>Dieser Weblog ist ein publizistisches Angebot von:<\/strong><br \/>\n<em>HMKW Hochschule f\u00fcr Medien, Kommunikation und Wirtschaft<br \/>\nUniversity of Applied Sciences<br \/>\nAckerstra\u00dfe 76, 13355 Berlin<\/em><br \/>\nDie Inhalte dieses Blogs stellen nicht zwingend die Ansichten und Meinungen der <em>HMKW Hochschule f\u00fcr Medien, Kommunikation und Wirtschaft<\/em> dar. Sie werden frei und ohne Zensur von Seiten der HMKW \u2013 im Rahmen ihrer grundlegenden Nutzungsbedingungen und Kommunikationsregeln \u2013 von folgendem Mitglied der Hochschule bereitgestellt:<\/p>\n<p><strong>Verantwortlich im Sinne von \u00a7 5 TMG, \u00a7 55 RfStV ist:<\/strong><br \/>\nProf. Dr. Sebastian K\u00f6hler<br \/>\nAckerstra\u00dfe 76<br \/>\n13355 Berlin<\/p>\n<p><strong>So erreichen Sie den Verantwortlichen:<\/strong><br \/>\nfon:\u00a0030-27594597<br \/>\nfax:\u00a0030-20215158<br \/>\nmail: s.koehler@hmkw.de<\/p>\n<p><strong>Unternehmensdaten:<\/strong><br \/>\nGesch\u00e4ftsf\u00fchrer: Hr. Ameir Jillab<br \/>\nAmtsgericht:\u00a0Charlottenburg (Berlin)<br \/>\nAktenzeichen: HRB 116949 B<\/p>\n<p><strong>Folgende rechtlichen Einschr\u00e4nkungen gelten:<\/strong><br \/>\nDie Inhalte dieses Blogs unterliegen dem Urheberrecht. Eine Verbreitung von Inhalten \u00fcber das gesetzlich Zul\u00e4ssige (z. B. Zitate) hinaus bedarf der ausdr\u00fccklichen Zustimmung durch den Verantwortlichen dieses Blogs (s. o.).<br \/>\nDies gilt uneingeschr\u00e4nkt auch f\u00fcr RSS-Feeds und andere automatisierte Seitenzugriffe. Aus Gr\u00fcnden der Lastvermeidung und Traffic-Optimierung k\u00f6nnen Feed-Reader und andere Programme, die h\u00e4ufiger als alle 15 Minuten den RSS-Feed bzw. generell Seiten bzw. einzelne Inhalte abrufen, blockiert werden.<\/p>\n<p><strong>Folgende Regeln des Datenschutzes gelten f\u00fcr Besucher dieses (wie aller) Blogs der HMKW:<\/strong><br \/>\n1. Beim Besuch des Blogs speichert WordPress (die von der HMKW genutzte Blogging-Software) folgende Daten: IP-Adresse, User Agent (Browser bzw. RSS-Reader des Benutzers), die Summe des verursachten Daten-Traffics (aufgerufene Seiten) und die Anzahl der darin enthaltenen Dateien, sowie ggf. abgegebene Kommentare. Diese Regeln sind in keinem Fall einer konkreten Person zuordbar. Weder Akismet noch ein anderes Plugin, das Daten auf Servern au\u00dferhalb Deutschlands speichert, ist aktiviert.<br \/>\n2. Die oben genannte eingeschr\u00e4nkte Form der Datenerhebung erfolgt nur zum Zweck des Ausschlusses von Missbrauch, z. B. um zu verhindern, dass Seiten rekursiv gespiegelt werden sollen, oder um zu erken-nen, ob RSS-Feeder oder andere Programme zur automatisierten Seitenzugriff irref\u00fchrend konfiguriert sind.<br \/>\n3. Die Logfiles werden zwei Wochen gespeichert, die IP-Adressen zu Kommentaren 30 Tage. Nach Ablauf dieser Frist l\u00f6scht WordPress Logfiles und ersetzt IP-Adressen durch wertlose falsche Werte. Ausnahme sind IP-Adressen, die als Spammer auffallen und dauerhaft in einer Blacklist gespeichert werden k\u00f6nnen.<br \/>\n4. Alle genannten Daten werden nur von der HMKW, nicht von Dritten erhoben, und sie werden nicht an Dritte weitergegeben.<\/p>\n","protected":false},"excerpt":{"rendered":"<p>Dieser Weblog ist ein publizistisches Angebot von: HMKW Hochschule f\u00fcr Medien, Kommunikation und Wirtschaft University of Applied Sciences Ackerstra\u00dfe 76, 13355 Berlin Die Inhalte dieses Blogs stellen nicht zwingend die Ansichten und Meinungen der HMKW Hochschule f\u00fcr Medien, Kommunikation und &hellip; <a href=\"http:\/\/blogs.hmkw.de\/HierMagKritisiertWerden\/?page_id=2\">Weiterlesen <span class=\"meta-nav\">&rarr;<\/span><\/a><\/p>\n","protected":false},"author":1,"featured_media":0,"parent":0,"menu_order":0,"comment_status":"open","ping_status":"open","template":"","meta":[],"_links":{"self":[{"href":"http:\/\/blogs.hmkw.de\/HierMagKritisiertWerden\/index.php?rest_route=\/wp\/v2\/pages\/2"}],"collection":[{"href":"http:\/\/blogs.hmkw.de\/HierMagKritisiertWerden\/index.php?rest_route=\/wp\/v2\/pages"}],"about":[{"href":"http:\/\/blogs.hmkw.de\/HierMagKritisiertWerden\/index.php?rest_route=\/wp\/v2\/types\/page"}],"author":[{"embeddable":true,"href":"http:\/\/blogs.hmkw.de\/HierMagKritisiertWerden\/index.php?rest_route=\/wp\/v2\/users\/1"}],"replies":[{"embeddable":true,"href":"http:\/\/blogs.hmkw.de\/HierMagKritisiertWerden\/index.php?rest_route=%2Fwp%2Fv2%2Fcomments&post=2"}],"version-history":[{"count":12,"href":"http:\/\/blogs.hmkw.de\/HierMagKritisiertWerden\/index.php?rest_route=\/wp\/v2\/pages\/2\/revisions"}],"predecessor-version":[{"id":91,"href":"http:\/\/blogs.hmkw.de\/HierMagKritisiertWerden\/index.php?rest_route=\/wp\/v2\/pages\/2\/revisions\/91"}],"wp:attachment":[{"href":"http:\/\/blogs.hmkw.de\/HierMagKritisiertWerden\/index.php?rest_route=%2Fwp%2Fv2%2Fmedia&parent=2"}],"curies":[{"name":"wp","href":"https:\/\/api.w.org\/{rel}","templated":true}]}}